{"id":1898,"date":"2025-03-05T18:30:00","date_gmt":"2025-03-05T18:30:00","guid":{"rendered":"https:\/\/abtsynergy.com\/?page_id=1898"},"modified":"2025-04-08T07:45:33","modified_gmt":"2025-04-08T07:45:33","slug":"energy-integreated-solution","status":"publish","type":"page","link":"https:\/\/abtsynergy.com\/vi\/energy-integreated-solution\/","title":{"rendered":"Gi\u1ea3i ph\u00e1p t\u00edch h\u1ee3p n\u0103ng l\u01b0\u1ee3ng"},"content":{"rendered":"<div data-elementor-type=\"wp-page\" data-elementor-id=\"1898\" class=\"elementor elementor-1898\" data-elementor-post-type=\"page\">\n\t\t\t\t<div class=\"elementor-element elementor-element-80add79 e-con-full e-flex e-con e-parent\" data-id=\"80add79\" data-element_type=\"container\" data-e-type=\"container\">\n\t\t<div class=\"elementor-element elementor-element-23a3f51 e-con-full e-flex e-con e-child\" data-id=\"23a3f51\" data-element_type=\"container\" data-e-type=\"container\">\n\t\t\t\t<div class=\"elementor-element elementor-element-3ceeb13 elementor-headline--style-highlight elementor-widget elementor-widget-animated-headline\" data-id=\"3ceeb13\" data-element_type=\"widget\" data-e-type=\"widget\" data-settings=\"{&quot;marker&quot;:&quot;underline&quot;,&quot;highlighted_text&quot;:&quot;Financial Security and Sustainability:&quot;,&quot;headline_style&quot;:&quot;highlight&quot;,&quot;loop&quot;:&quot;yes&quot;,&quot;highlight_animation_duration&quot;:1200,&quot;highlight_iteration_delay&quot;:8000}\" data-widget_type=\"animated-headline.default\">\n\t\t\t\t<div class=\"elementor-widget-container\">\n\t\t\t\t\t\t\t<h3 class=\"elementor-headline\">\n\t\t\t\t<span class=\"elementor-headline-dynamic-wrapper elementor-headline-text-wrapper\">\n\t\t\t\t\t<span class=\"elementor-headline-dynamic-text elementor-headline-text-active\">An ninh t\u00e0i ch\u00ednh v\u00e0 t\u00ednh b\u1ec1n v\u1eefng:<\/span>\n\t\t\t\t<\/span>\n\t\t\t\t<\/h3>\n\t\t\t\t\t\t<\/div>\n\t\t\t\t<\/div>\n\t\t\t\t<div class=\"elementor-element elementor-element-7a7e06c elementor-widget elementor-widget-text-editor\" data-id=\"7a7e06c\" data-element_type=\"widget\" data-e-type=\"widget\" data-widget_type=\"text-editor.default\">\n\t\t\t\t<div class=\"elementor-widget-container\">\n\t\t\t\t\t\t\t\t\t<p>B\u1ea3o v\u1ec7 b\u1ea3n th\u00e2n kh\u1ecfi gi\u00e1 n\u0103ng l\u01b0\u1ee3ng bi\u1ebfn \u0111\u1ed9ng v\u00e0 \u0111\u1ea9y nhanh qu\u00e1 tr\u00ecnh chuy\u1ec3n \u0111\u1ed5i sang t\u01b0\u01a1ng lai b\u1ec1n v\u1eefng. ESS c\u1ee7a ch\u00fang t\u00f4i trao quy\u1ec1n cho b\u1ea1n l\u01b0u tr\u1eef n\u0103ng l\u01b0\u1ee3ng khi c\u00f3 s\u1eb5n v\u00e0 gi\u00e1 c\u1ea3 ph\u1ea3i ch\u0103ng, gi\u1ea3m s\u1ef1 ph\u1ee5 thu\u1ed9c c\u1ee7a b\u1ea1n v\u00e0o l\u01b0\u1edbi \u0111i\u1ec7n v\u00e0 gi\u1ea3m h\u00f3a \u0111\u01a1n ti\u1ec1n \u0111i\u1ec7n xu\u1ed1ng m\u1ee9c b\u1eb1ng kh\u00f4ng. B\u1eb1ng c\u00e1ch khai th\u00e1c c\u00e1c ngu\u1ed3n n\u0103ng l\u01b0\u1ee3ng s\u1ea1ch v\u00e0 gi\u1ea3m thi\u1ec3u ch\u1ea5t th\u1ea3i, b\u1ea1n s\u1ebd g\u00f3p ph\u1ea7n t\u1ea1o n\u00ean m\u1ed9t m\u00f4i tr\u01b0\u1eddng b\u1ec1n v\u1eefng h\u01a1n.<\/p>\t\t\t\t\t\t\t\t<\/div>\n\t\t\t\t<\/div>\n\t\t\t\t<\/div>\n\t\t<div class=\"elementor-element elementor-element-af83b3d e-con-full e-flex e-con e-child\" data-id=\"af83b3d\" data-element_type=\"container\" data-e-type=\"container\">\n\t\t\t\t<div class=\"elementor-element elementor-element-bfe0f0d elementor-widget elementor-widget-text-editor\" data-id=\"bfe0f0d\" data-element_type=\"widget\" data-e-type=\"widget\" data-widget_type=\"text-editor.default\">\n\t\t\t\t<div class=\"elementor-widget-container\">\n\t\t\t\t\t\t\t\t\t<p><strong>L\u00fd t\u01b0\u1edfng cho:<\/strong><\/p>\t\t\t\t\t\t\t\t<\/div>\n\t\t\t\t<\/div>\n\t\t\t\t<div class=\"elementor-element elementor-element-ad249b7 elementor-widget elementor-widget-text-editor\" data-id=\"ad249b7\" data-element_type=\"widget\" data-e-type=\"widget\" data-widget_type=\"text-editor.default\">\n\t\t\t\t<div class=\"elementor-widget-container\">\n\t\t\t\t\t\t\t\t\t<ul><li>Nh\u00e0 ph\u00e1t tri\u1ec3n nh\u00e0 \u1edf: Cung c\u1ea5p cho ng\u01b0\u1eddi mua nh\u00e0 c\u00f4ng ngh\u1ec7 n\u0103ng l\u01b0\u1ee3ng m\u1edbi nh\u1ea5t, t\u0103ng th\u00eam \u0111\u00e1ng k\u1ec3 <br \/>gi\u00e1 tr\u1ecb v\u00e0 s\u1ef1 h\u1ea5p d\u1eabn cho c\u00e1c d\u1ef1 \u00e1n c\u1ee7a b\u1ea1n. Thi\u1ebft k\u1ebf nh\u1ecf g\u1ecdn v\u00e0 \u0111\u1eb9p m\u1eaft c\u1ee7a ch\u00fang t\u00f4i t\u00edch h\u1ee3p li\u1ec1n m\u1ea1ch v\u00e0o <br \/>nh\u00e0 \u1edf.<\/li><li>Nh\u00e0 ph\u00e1t tri\u1ec3n th\u01b0\u01a1ng m\u1ea1i: Cung c\u1ea5p cho ng\u01b0\u1eddi thu\u00ea nh\u00e0 c\u1ee7a b\u1ea1n c\u00e1c gi\u1ea3i ph\u00e1p n\u0103ng l\u01b0\u1ee3ng \u0111\u00e1ng tin c\u1eady v\u00e0 ti\u1ebft ki\u1ec7m chi ph\u00ed <br \/>n\u00e2ng cao hi\u1ec7u qu\u1ea3 ho\u1ea1t \u0111\u1ed9ng v\u00e0 ch\u1ee9ng minh cam k\u1ebft c\u1ee7a b\u1ea1n \u0111\u1ed1i v\u1edbi t\u00ednh b\u1ec1n v\u1eefng.<\/li><li>Doanh nghi\u1ec7p: Gi\u1ea3m thi\u1ec3u th\u1eddi gian ch\u1ebft, ki\u1ec3m so\u00e1t chi ph\u00ed n\u0103ng l\u01b0\u1ee3ng v\u00e0 ch\u1ee9ng minh cam k\u1ebft c\u1ee7a b\u1ea1n \u0111\u1ed1i v\u1edbi <br \/>tr\u00e1ch nhi\u1ec7m v\u1edbi m\u00f4i tr\u01b0\u1eddng v\u1edbi c\u00e1c gi\u1ea3i ph\u00e1p l\u01b0u tr\u1eef n\u0103ng l\u01b0\u1ee3ng ti\u00ean ti\u1ebfn c\u1ee7a ch\u00fang t\u00f4i.<\/li><\/ul>\t\t\t\t\t\t\t\t<\/div>\n\t\t\t\t<\/div>\n\t\t\t\t<\/div>\n\t\t\t\t<\/div>\n\t\t<div class=\"elementor-element elementor-element-2d61be5 e-con-full e-flex e-con e-parent\" data-id=\"2d61be5\" data-element_type=\"container\" data-e-type=\"container\">\n\t\t<div class=\"elementor-element elementor-element-460ea86 e-con-full e-flex e-con e-child\" data-id=\"460ea86\" data-element_type=\"container\" data-e-type=\"container\">\n\t\t\t\t<div class=\"elementor-element elementor-element-edcaf83 elementor-position-top elementor-widget elementor-widget-image-box\" data-id=\"edcaf83\" data-element_type=\"widget\" data-e-type=\"widget\" data-widget_type=\"image-box.default\">\n\t\t\t\t<div class=\"elementor-widget-container\">\n\t\t\t\t\t<div class=\"elementor-image-box-wrapper\"><figure class=\"elementor-image-box-img\"><img fetchpriority=\"high\" decoding=\"async\" width=\"1024\" height=\"768\" src=\"https:\/\/abtsynergy.com\/wp-content\/uploads\/2025\/03\/Solar-Photovoltaic-Systems.webp\" class=\"attachment-full size-full wp-image-1905\" alt=\"\" srcset=\"https:\/\/abtsynergy.com\/wp-content\/uploads\/2025\/03\/Solar-Photovoltaic-Systems.webp 1024w, https:\/\/abtsynergy.com\/wp-content\/uploads\/2025\/03\/Solar-Photovoltaic-Systems-300x225.webp 300w, https:\/\/abtsynergy.com\/wp-content\/uploads\/2025\/03\/Solar-Photovoltaic-Systems-768x576.webp 768w\" sizes=\"(max-width: 1024px) 100vw, 1024px\" \/><\/figure><div class=\"elementor-image-box-content\"><h3 class=\"elementor-image-box-title\">H\u1ec7 th\u1ed1ng quang \u0111i\u1ec7n m\u1eb7t tr\u1eddi<\/h3><p class=\"elementor-image-box-description\">T\u1eadn d\u1ee5ng s\u1ee9c m\u1ea1nh c\u1ee7a m\u1eb7t tr\u1eddi v\u1edbi c\u00e1c t\u1ea5m pin m\u1eb7t tr\u1eddi hi\u1ec7u su\u1ea5t cao c\u1ee7a ch\u00fang t\u00f4i. Gi\u1ea3m h\u00f3a \u0111\u01a1n ti\u1ec1n \u0111i\u1ec7n v\u00e0 g\u00f3p ph\u1ea7n v\u00e0o t\u01b0\u01a1ng lai xanh h\u01a1n v\u1edbi c\u00e1c gi\u1ea3i ph\u00e1p n\u0103ng l\u01b0\u1ee3ng m\u1eb7t tr\u1eddi t\u00f9y ch\u1ec9nh c\u1ee7a ch\u00fang t\u00f4i. T\u1eadn h\u01b0\u1edfng n\u0103ng l\u01b0\u1ee3ng s\u1ea1ch, t\u00e1i t\u1ea1o cho ng\u00f4i nh\u00e0 c\u1ee7a b\u1ea1n.\n<\/p><\/div><\/div>\t\t\t\t<\/div>\n\t\t\t\t<\/div>\n\t\t\t\t<\/div>\n\t\t<div class=\"elementor-element elementor-element-e574451 e-con-full e-flex e-con e-child\" data-id=\"e574451\" data-element_type=\"container\" data-e-type=\"container\">\n\t\t\t\t<div class=\"elementor-element elementor-element-4c2b205 elementor-position-top elementor-widget elementor-widget-image-box\" data-id=\"4c2b205\" data-element_type=\"widget\" data-e-type=\"widget\" data-widget_type=\"image-box.default\">\n\t\t\t\t<div class=\"elementor-widget-container\">\n\t\t\t\t\t<div class=\"elementor-image-box-wrapper\"><figure class=\"elementor-image-box-img\"><img decoding=\"async\" width=\"1365\" height=\"1024\" src=\"https:\/\/abtsynergy.com\/wp-content\/uploads\/2025\/03\/Energy-Storage-Solutions.webp\" class=\"attachment-full size-full wp-image-1903\" alt=\"\" srcset=\"https:\/\/abtsynergy.com\/wp-content\/uploads\/2025\/03\/Energy-Storage-Solutions.webp 1365w, https:\/\/abtsynergy.com\/wp-content\/uploads\/2025\/03\/Energy-Storage-Solutions-300x225.webp 300w, https:\/\/abtsynergy.com\/wp-content\/uploads\/2025\/03\/Energy-Storage-Solutions-1024x768.webp 1024w, https:\/\/abtsynergy.com\/wp-content\/uploads\/2025\/03\/Energy-Storage-Solutions-768x576.webp 768w\" sizes=\"(max-width: 1365px) 100vw, 1365px\" \/><\/figure><div class=\"elementor-image-box-content\"><h3 class=\"elementor-image-box-title\">Gi\u1ea3i ph\u00e1p l\u01b0u tr\u1eef n\u0103ng l\u01b0\u1ee3ng<\/h3><p class=\"elementor-image-box-description\">L\u01b0u tr\u1eef n\u0103ng l\u01b0\u1ee3ng m\u1eb7t tr\u1eddi d\u01b0 th\u1eeba \u0111\u1ec3 s\u1eed d\u1ee5ng sau n\u00e0y v\u1edbi h\u1ec7 th\u1ed1ng l\u01b0u tr\u1eef n\u0103ng l\u01b0\u1ee3ng ti\u00ean ti\u1ebfn c\u1ee7a ch\u00fang t\u00f4i. \u0110\u1ea3m b\u1ea3o ngu\u1ed3n cung c\u1ea5p \u0111i\u1ec7n \u0111\u00e1ng tin c\u1eady trong th\u1eddi gian m\u1ea5t \u0111i\u1ec7n v\u00e0 th\u1eddi gian nhu c\u1ea7u cao \u0111i\u1ec3m. T\u1ed1i \u0111a h\u00f3a s\u1ef1 \u0111\u1ed9c l\u1eadp v\u00e0 ti\u1ebft ki\u1ec7m n\u0103ng l\u01b0\u1ee3ng c\u1ee7a b\u1ea1n.<\/p><\/div><\/div>\t\t\t\t<\/div>\n\t\t\t\t<\/div>\n\t\t\t\t<\/div>\n\t\t<div class=\"elementor-element elementor-element-4888f7d e-con-full e-flex e-con e-child\" data-id=\"4888f7d\" data-element_type=\"container\" data-e-type=\"container\">\n\t\t\t\t<div class=\"elementor-element elementor-element-44c1d2b elementor-position-top elementor-widget elementor-widget-image-box\" data-id=\"44c1d2b\" data-element_type=\"widget\" data-e-type=\"widget\" data-widget_type=\"image-box.default\">\n\t\t\t\t<div class=\"elementor-widget-container\">\n\t\t\t\t\t<div class=\"elementor-image-box-wrapper\"><figure class=\"elementor-image-box-img\"><img decoding=\"async\" width=\"1365\" height=\"1024\" src=\"https:\/\/abtsynergy.com\/wp-content\/uploads\/2025\/03\/EV-Charging-Infrastructure.webp\" class=\"attachment-full size-full wp-image-1904\" alt=\"\" srcset=\"https:\/\/abtsynergy.com\/wp-content\/uploads\/2025\/03\/EV-Charging-Infrastructure.webp 1365w, https:\/\/abtsynergy.com\/wp-content\/uploads\/2025\/03\/EV-Charging-Infrastructure-300x225.webp 300w, https:\/\/abtsynergy.com\/wp-content\/uploads\/2025\/03\/EV-Charging-Infrastructure-1024x768.webp 1024w, https:\/\/abtsynergy.com\/wp-content\/uploads\/2025\/03\/EV-Charging-Infrastructure-768x576.webp 768w\" sizes=\"(max-width: 1365px) 100vw, 1365px\" \/><\/figure><div class=\"elementor-image-box-content\"><h3 class=\"elementor-image-box-title\">C\u01a1 s\u1edf h\u1ea1 t\u1ea7ng s\u1ea1c EV<\/h3><p class=\"elementor-image-box-description\">S\u1ea1c xe \u0111i\u1ec7n c\u1ee7a b\u1ea1n m\u1ed9t c\u00e1ch thu\u1eadn ti\u1ec7n t\u1ea1i nh\u00e0 v\u1edbi c\u00e1c gi\u1ea3i ph\u00e1p s\u1ea1c EV th\u00f4ng minh c\u1ee7a ch\u00fang t\u00f4i. H\u1ed7 tr\u1ee3 giao th\u00f4ng b\u1ec1n v\u1eefng v\u00e0 gi\u1ea3m s\u1ef1 ph\u1ee5 thu\u1ed9c c\u1ee7a b\u1ea1n v\u00e0o nhi\u00ean li\u1ec7u h\u00f3a th\u1ea1ch. T\u1eadn h\u01b0\u1edfng vi\u1ec7c s\u1ea1c nhanh v\u00e0 \u0111\u00e1ng tin c\u1eady cho EV c\u1ee7a b\u1ea1n.<\/p><\/div><\/div>\t\t\t\t<\/div>\n\t\t\t\t<\/div>\n\t\t\t\t<\/div>\n\t\t\t\t<\/div>\n\t\t<div class=\"elementor-element elementor-element-46c2dd9 e-con-full e-flex e-con e-parent\" data-id=\"46c2dd9\" data-element_type=\"container\" data-e-type=\"container\">\n\t\t<div class=\"elementor-element elementor-element-e090bcf e-con-full e-flex e-con e-child\" data-id=\"e090bcf\" data-element_type=\"container\" data-e-type=\"container\">\n\t\t\t\t<div class=\"elementor-element elementor-element-b33db71 elementor-position-top elementor-widget elementor-widget-image-box\" data-id=\"b33db71\" data-element_type=\"widget\" data-e-type=\"widget\" data-widget_type=\"image-box.default\">\n\t\t\t\t<div class=\"elementor-widget-container\">\n\t\t\t\t\t<div class=\"elementor-image-box-wrapper\"><figure class=\"elementor-image-box-img\"><img loading=\"lazy\" decoding=\"async\" width=\"1024\" height=\"1365\" src=\"https:\/\/abtsynergy.com\/wp-content\/uploads\/2025\/03\/Solar-Power-for-Retail-Stores.webp\" class=\"attachment-full size-full wp-image-1909\" alt=\"\" srcset=\"https:\/\/abtsynergy.com\/wp-content\/uploads\/2025\/03\/Solar-Power-for-Retail-Stores.webp 1024w, https:\/\/abtsynergy.com\/wp-content\/uploads\/2025\/03\/Solar-Power-for-Retail-Stores-225x300.webp 225w, https:\/\/abtsynergy.com\/wp-content\/uploads\/2025\/03\/Solar-Power-for-Retail-Stores-768x1024.webp 768w\" sizes=\"(max-width: 1024px) 100vw, 1024px\" \/><\/figure><div class=\"elementor-image-box-content\"><h3 class=\"elementor-image-box-title\">N\u0103ng l\u01b0\u1ee3ng m\u1eb7t tr\u1eddi cho c\u00e1c c\u1eeda h\u00e0ng b\u00e1n l\u1ebb<\/h3><p class=\"elementor-image-box-description\">T\u1eadn d\u1ee5ng n\u0103ng l\u01b0\u1ee3ng m\u1eb7t tr\u1eddi \u0111\u1ec3 cung c\u1ea5p n\u0103ng l\u01b0\u1ee3ng cho ho\u1ea1t \u0111\u1ed9ng b\u00e1n l\u1ebb c\u1ee7a b\u1ea1n, gi\u1ea3m chi ph\u00ed n\u0103ng l\u01b0\u1ee3ng v\u00e0 l\u01b0\u1ee3ng kh\u00ed th\u1ea3i carbon b\u1eb1ng c\u00e1c gi\u1ea3i ph\u00e1p n\u0103ng l\u01b0\u1ee3ng m\u1eb7t tr\u1eddi c\u1ee7a ch\u00fang t\u00f4i.<\/p><\/div><\/div>\t\t\t\t<\/div>\n\t\t\t\t<\/div>\n\t\t\t\t<\/div>\n\t\t<div class=\"elementor-element elementor-element-156b976 e-con-full e-flex e-con e-child\" data-id=\"156b976\" data-element_type=\"container\" data-e-type=\"container\">\n\t\t\t\t<div class=\"elementor-element elementor-element-e96f7d2 elementor-position-top elementor-widget elementor-widget-image-box\" data-id=\"e96f7d2\" data-element_type=\"widget\" data-e-type=\"widget\" data-widget_type=\"image-box.default\">\n\t\t\t\t<div class=\"elementor-widget-container\">\n\t\t\t\t\t<div class=\"elementor-image-box-wrapper\"><figure class=\"elementor-image-box-img\"><img loading=\"lazy\" decoding=\"async\" width=\"1024\" height=\"1365\" src=\"https:\/\/abtsynergy.com\/wp-content\/uploads\/2025\/03\/EV-Charging-for-Retail-Customers.webp\" class=\"attachment-full size-full wp-image-1910\" alt=\"\" srcset=\"https:\/\/abtsynergy.com\/wp-content\/uploads\/2025\/03\/EV-Charging-for-Retail-Customers.webp 1024w, https:\/\/abtsynergy.com\/wp-content\/uploads\/2025\/03\/EV-Charging-for-Retail-Customers-225x300.webp 225w, https:\/\/abtsynergy.com\/wp-content\/uploads\/2025\/03\/EV-Charging-for-Retail-Customers-768x1024.webp 768w\" sizes=\"(max-width: 1024px) 100vw, 1024px\" \/><\/figure><div class=\"elementor-image-box-content\"><h3 class=\"elementor-image-box-title\">S\u1ea1c EV cho kh\u00e1ch h\u00e0ng b\u00e1n l\u1ebb<\/h3><p class=\"elementor-image-box-description\">Thu h\u00fat kh\u00e1ch h\u00e0ng c\u00f3 \u00fd th\u1ee9c b\u1ea3o v\u1ec7 m\u00f4i tr\u01b0\u1eddng b\u1eb1ng c\u00e1ch cung c\u1ea5p c\u00e1c tr\u1ea1m s\u1ea1c EV ti\u1ec7n l\u1ee3i t\u1ea1i \u0111\u1ecba \u0111i\u1ec3m b\u00e1n l\u1ebb c\u1ee7a b\u1ea1n, n\u00e2ng cao tr\u1ea3i nghi\u1ec7m mua s\u1eafm c\u1ee7a h\u1ecd.<\/p><\/div><\/div>\t\t\t\t<\/div>\n\t\t\t\t<\/div>\n\t\t\t\t<\/div>\n\t\t<div class=\"elementor-element elementor-element-83495ae e-con-full e-flex e-con e-child\" data-id=\"83495ae\" data-element_type=\"container\" data-e-type=\"container\">\n\t\t\t\t<div class=\"elementor-element elementor-element-0f767ff elementor-position-top elementor-widget elementor-widget-image-box\" data-id=\"0f767ff\" data-element_type=\"widget\" data-e-type=\"widget\" data-widget_type=\"image-box.default\">\n\t\t\t\t<div class=\"elementor-widget-container\">\n\t\t\t\t\t<div class=\"elementor-image-box-wrapper\"><figure class=\"elementor-image-box-img\"><img loading=\"lazy\" decoding=\"async\" width=\"1024\" height=\"1365\" src=\"https:\/\/abtsynergy.com\/wp-content\/uploads\/2025\/03\/Energy-Storage-for-Retail-Resilience.webp\" class=\"attachment-full size-full wp-image-1911\" alt=\"\" srcset=\"https:\/\/abtsynergy.com\/wp-content\/uploads\/2025\/03\/Energy-Storage-for-Retail-Resilience.webp 1024w, https:\/\/abtsynergy.com\/wp-content\/uploads\/2025\/03\/Energy-Storage-for-Retail-Resilience-225x300.webp 225w, https:\/\/abtsynergy.com\/wp-content\/uploads\/2025\/03\/Energy-Storage-for-Retail-Resilience-768x1024.webp 768w\" sizes=\"(max-width: 1024px) 100vw, 1024px\" \/><\/figure><div class=\"elementor-image-box-content\"><h3 class=\"elementor-image-box-title\">L\u01b0u tr\u1eef n\u0103ng l\u01b0\u1ee3ng cho kh\u1ea3 n\u0103ng ph\u1ee5c h\u1ed3i c\u1ee7a b\u00e1n l\u1ebb<\/h3><p class=\"elementor-image-box-description\">\u0110\u1ea3m b\u1ea3o ho\u1ea1t \u0111\u1ed9ng kh\u00f4ng b\u1ecb gi\u00e1n \u0111o\u1ea1n v\u00e0 gi\u1ea3m chi ph\u00ed nhu c\u1ea7u cao \u0111i\u1ec3m b\u1eb1ng c\u00e1c gi\u1ea3i ph\u00e1p l\u01b0u tr\u1eef n\u0103ng l\u01b0\u1ee3ng c\u1ee7a ch\u00fang t\u00f4i, cung c\u1ea5p ngu\u1ed3n \u0111i\u1ec7n \u0111\u00e1ng tin c\u1eady cho doanh nghi\u1ec7p b\u00e1n l\u1ebb c\u1ee7a b\u1ea1n.<\/p><\/div><\/div>\t\t\t\t<\/div>\n\t\t\t\t<\/div>\n\t\t\t\t<\/div>\n\t\t<div class=\"elementor-element elementor-element-7bd3add e-con-full e-flex e-con e-child\" data-id=\"7bd3add\" data-element_type=\"container\" data-e-type=\"container\">\n\t\t\t\t<div class=\"elementor-element elementor-element-67acbb6 elementor-position-top elementor-widget elementor-widget-image-box\" data-id=\"67acbb6\" data-element_type=\"widget\" data-e-type=\"widget\" data-widget_type=\"image-box.default\">\n\t\t\t\t<div class=\"elementor-widget-container\">\n\t\t\t\t\t<div class=\"elementor-image-box-wrapper\"><figure class=\"elementor-image-box-img\"><img loading=\"lazy\" decoding=\"async\" width=\"1024\" height=\"1365\" src=\"https:\/\/abtsynergy.com\/wp-content\/uploads\/2025\/03\/Smart-Energy-Management-1.webp\" class=\"attachment-full size-full wp-image-1912\" alt=\"\" srcset=\"https:\/\/abtsynergy.com\/wp-content\/uploads\/2025\/03\/Smart-Energy-Management-1.webp 1024w, https:\/\/abtsynergy.com\/wp-content\/uploads\/2025\/03\/Smart-Energy-Management-1-225x300.webp 225w, https:\/\/abtsynergy.com\/wp-content\/uploads\/2025\/03\/Smart-Energy-Management-1-768x1024.webp 768w\" sizes=\"(max-width: 1024px) 100vw, 1024px\" \/><\/figure><div class=\"elementor-image-box-content\"><h3 class=\"elementor-image-box-title\">Qu\u1ea3n l\u00fd n\u0103ng l\u01b0\u1ee3ng th\u00f4ng minh<\/h3><p class=\"elementor-image-box-description\">T\u1ed1i \u01b0u h\u00f3a m\u1ee9c s\u1eed d\u1ee5ng n\u0103ng l\u01b0\u1ee3ng v\u00e0 theo d\u00f5i kho\u1ea3n ti\u1ebft ki\u1ec7m c\u1ee7a b\u1ea1n b\u1eb1ng h\u1ec7 th\u1ed1ng qu\u1ea3n l\u00fd n\u0103ng l\u01b0\u1ee3ng th\u00f4ng minh c\u1ee7a ch\u00fang t\u00f4i, \u0111\u01b0\u1ee3c thi\u1ebft k\u1ebf ri\u00eang cho nhu c\u1ea7u ri\u00eang bi\u1ec7t c\u1ee7a m\u00f4i tr\u01b0\u1eddng b\u00e1n l\u1ebb.<\/p><\/div><\/div>\t\t\t\t<\/div>\n\t\t\t\t<\/div>\n\t\t\t\t<\/div>\n\t\t\t\t<\/div>\n\t\t<div class=\"elementor-element elementor-element-ee43361 e-con-full e-flex e-con e-parent\" data-id=\"ee43361\" data-element_type=\"container\" data-e-type=\"container\">\n\t\t<div class=\"elementor-element elementor-element-4c30885 e-con-full e-flex e-con e-child\" data-id=\"4c30885\" data-element_type=\"container\" data-e-type=\"container\">\n\t\t\t\t<div class=\"elementor-element elementor-element-1b8b2f7 elementor-widget elementor-widget-text-editor\" data-id=\"1b8b2f7\" data-element_type=\"widget\" data-e-type=\"widget\" data-widget_type=\"text-editor.default\">\n\t\t\t\t<div class=\"elementor-widget-container\">\n\t\t\t\t\t\t\t\t\t<p>Gi\u1ea3i ph\u00e1p th\u01b0\u01a1ng m\u1ea1i<\/p>\t\t\t\t\t\t\t\t<\/div>\n\t\t\t\t<\/div>\n\t\t\t\t<div class=\"elementor-element elementor-element-86a707a elementor-widget elementor-widget-heading\" data-id=\"86a707a\" data-element_type=\"widget\" data-e-type=\"widget\" data-widget_type=\"heading.default\">\n\t\t\t\t<div class=\"elementor-widget-container\">\n\t\t\t\t\t<h2 class=\"elementor-heading-title elementor-size-default\">Th\u00fac \u0111\u1ea9y doanh nghi\u1ec7p c\u1ee7a b\u1ea1n m\u1ed9t c\u00e1ch b\u1ec1n v\u1eefng<\/h2>\t\t\t\t<\/div>\n\t\t\t\t<\/div>\n\t\t\t\t<\/div>\n\t\t<div class=\"elementor-element elementor-element-bc58d44 e-con-full e-flex e-con e-child\" data-id=\"bc58d44\" data-element_type=\"container\" data-e-type=\"container\">\n\t\t\t\t<div class=\"elementor-element elementor-element-9bda414 elementor-widget elementor-widget-text-editor\" data-id=\"9bda414\" data-element_type=\"widget\" data-e-type=\"widget\" data-widget_type=\"text-editor.default\">\n\t\t\t\t<div class=\"elementor-widget-container\">\n\t\t\t\t\t\t\t\t\t<div class=\"elementor-element elementor-element-oi49frpy e-con-full e-flex e-con e-parent e-lazyloaded\" data-id=\"oi49frpy\" data-element_type=\"container\"><div class=\"elementor-element elementor-element-n159xvwe elementor-widget__width-initial elementor-widget-mobile__width-inherit elementor-widget-tablet__width-initial elementor-widget elementor-widget-text-editor animated fadeInUp\" data-id=\"n159xvwe\" data-element_type=\"widget\" data-settings=\"{&quot;_animation&quot;:&quot;fadeInUp&quot;}\" data-widget_type=\"text-editor.default\"><div class=\"elementor-widget-container\">ABT Synergy cung c\u1ea5p c\u00e1c gi\u1ea3i ph\u00e1p n\u0103ng l\u01b0\u1ee3ng ph\u00f9 h\u1ee3p cho kh\u00e1ch h\u00e0ng th\u01b0\u01a1ng m\u1ea1i, t\u1eadp trung v\u00e0o n\u0103ng l\u01b0\u1ee3ng m\u1eb7t tr\u1eddi, l\u01b0u tr\u1eef n\u0103ng l\u01b0\u1ee3ng v\u00e0 s\u1ea1c EV. N\u00e2ng cao hi\u1ec7u qu\u1ea3 ho\u1ea1t \u0111\u1ed9ng v\u00e0 t\u00ednh b\u1ec1n v\u1eefng c\u1ee7a b\u1ea1n v\u1edbi c\u00e1c h\u1ec7 th\u1ed1ng t\u00edch h\u1ee3p c\u1ee7a ch\u00fang t\u00f4i. Ch\u00fang t\u00f4i gi\u00fap c\u00e1c doanh nghi\u1ec7p gi\u1ea3m l\u01b0\u1ee3ng kh\u00ed th\u1ea3i carbon v\u00e0 \u0111\u1ea1t \u0111\u01b0\u1ee3c s\u1ef1 \u0111\u1ed9c l\u1eadp v\u1ec1 n\u0103ng l\u01b0\u1ee3ng. Li\u00ean h\u1ec7 v\u1edbi ch\u00fang t\u00f4i ngay h\u00f4m nay \u0111\u1ec3 t\u00ecm hi\u1ec3u th\u00eam v\u1ec1 c\u00e1c gi\u1ea3i ph\u00e1p n\u0103ng l\u01b0\u1ee3ng th\u01b0\u01a1ng m\u1ea1i c\u1ee7a ch\u00fang t\u00f4i.<\/div><\/div><\/div>\t\t\t\t\t\t\t\t<\/div>\n\t\t\t\t<\/div>\n\t\t\t\t<\/div>\n\t\t\t\t<\/div>\n\t\t<div class=\"elementor-element elementor-element-663e5b0 e-con-full e-flex e-con e-parent\" data-id=\"663e5b0\" data-element_type=\"container\" data-e-type=\"container\" data-settings=\"{&quot;background_background&quot;:&quot;classic&quot;}\">\n\t\t\t\t<\/div>\n\t\t\t\t<\/div>","protected":false},"excerpt":{"rendered":"<p>Financial Security and Sustainability: Protect yourself from fluctuating energy prices and accelerate your transition to a sustainable future. Our ESS empowers you to store energy when it&#8217;s readily available and affordable, reducing your reliance on the grid and lowering your energy bills to zero. By harnessing clean energy sources and minimizing waste, you&#8217;ll be contributing [&hellip;]<\/p>\n","protected":false},"author":1,"featured_media":0,"parent":0,"menu_order":0,"comment_status":"closed","ping_status":"closed","template":"","meta":{"site-sidebar-layout":"no-sidebar","site-content-layout":"page-builder","ast-site-content-layout":"full-width-container","site-content-style":"default","site-sidebar-style":"default","ast-global-header-display":"","ast-banner-title-visibility":"","ast-main-header-display":"","ast-hfb-above-header-display":"","ast-hfb-below-header-display":"","ast-hfb-mobile-header-display":"","site-post-title":"disabled","ast-breadcrumbs-content":"","ast-featured-img":"disabled","footer-sml-layout":"","ast-disable-related-posts":"","theme-transparent-header-meta":"","adv-header-id-meta":"","stick-header-meta":"","header-above-stick-meta":"","header-main-stick-meta":"","header-below-stick-meta":"","astra-migrate-meta-layouts":"set","ast-page-background-enabled":"default","ast-page-background-meta":{"desktop":{"background-color":"var(--ast-global-color-4)","background-image":"","background-repeat":"repeat","background-position":"center center","background-size":"auto","background-attachment":"scroll","background-type":"","background-media":"","overlay-type":"","overlay-color":"","overlay-opacity":"","overlay-gradient":""},"tablet":{"background-color":"","background-image":"","background-repeat":"repeat","background-position":"center center","background-size":"auto","background-attachment":"scroll","background-type":"","background-media":"","overlay-type":"","overlay-color":"","overlay-opacity":"","overlay-gradient":""},"mobile":{"background-color":"","background-image":"","background-repeat":"repeat","background-position":"center center","background-size":"auto","background-attachment":"scroll","background-type":"","background-media":"","overlay-type":"","overlay-color":"","overlay-opacity":"","overlay-gradient":""}},"ast-content-background-meta":{"desktop":{"background-color":"var(--ast-global-color-5)","background-image":"","background-repeat":"repeat","background-position":"center center","background-size":"auto","background-attachment":"scroll","background-type":"","background-media":"","overlay-type":"","overlay-color":"","overlay-opacity":"","overlay-gradient":""},"tablet":{"background-color":"var(--ast-global-color-5)","background-image":"","background-repeat":"repeat","background-position":"center center","background-size":"auto","background-attachment":"scroll","background-type":"","background-media":"","overlay-type":"","overlay-color":"","overlay-opacity":"","overlay-gradient":""},"mobile":{"background-color":"var(--ast-global-color-5)","background-image":"","background-repeat":"repeat","background-position":"center center","background-size":"auto","background-attachment":"scroll","background-type":"","background-media":"","overlay-type":"","overlay-color":"","overlay-opacity":"","overlay-gradient":""}},"footnotes":""},"class_list":["post-1898","page","type-page","status-publish","hentry"],"_hostinger_reach_plugin_has_subscription_block":false,"_hostinger_reach_plugin_is_elementor":false,"_links":{"self":[{"href":"https:\/\/abtsynergy.com\/vi\/wp-json\/wp\/v2\/pages\/1898","targetHints":{"allow":["GET"]}}],"collection":[{"href":"https:\/\/abtsynergy.com\/vi\/wp-json\/wp\/v2\/pages"}],"about":[{"href":"https:\/\/abtsynergy.com\/vi\/wp-json\/wp\/v2\/types\/page"}],"author":[{"embeddable":true,"href":"https:\/\/abtsynergy.com\/vi\/wp-json\/wp\/v2\/users\/1"}],"replies":[{"embeddable":true,"href":"https:\/\/abtsynergy.com\/vi\/wp-json\/wp\/v2\/comments?post=1898"}],"version-history":[{"count":15,"href":"https:\/\/abtsynergy.com\/vi\/wp-json\/wp\/v2\/pages\/1898\/revisions"}],"predecessor-version":[{"id":2760,"href":"https:\/\/abtsynergy.com\/vi\/wp-json\/wp\/v2\/pages\/1898\/revisions\/2760"}],"wp:attachment":[{"href":"https:\/\/abtsynergy.com\/vi\/wp-json\/wp\/v2\/media?parent=1898"}],"curies":[{"name":"wp","href":"https:\/\/api.w.org\/{rel}","templated":true}]}}